{"id":34,"date":"2025-01-17T22:45:02","date_gmt":"2025-01-17T22:45:02","guid":{"rendered":"http:\/\/yvoluc.com.previewmysite.com\/?page_id=34"},"modified":"2025-01-17T22:45:02","modified_gmt":"2025-01-17T22:45:02","slug":"servicios-que-te-damos","status":"publish","type":"page","link":"http:\/\/yvoluc.com.previewmysite.com\/?page_id=34","title":{"rendered":"Servicios que te damos"},"content":{"rendered":"\n<figure class=\"wp-block-table\"><table class=\"has-fixed-layout\"><tbody><tr><td>El servicio asegura que las auditor\u00edas y normativas legales se cumplen de manera autom\u00e1tica y sin complicaciones.&nbsp;<\/td><\/tr><tr><td>Yvoluc se encarga de toda la gesti\u00f3n, desde la calibraci\u00f3n hasta la generaci\u00f3n de informes, liberando tiempo para otras prioridades.\u00a0<br><\/td><\/tr><\/tbody><\/table><\/figure>\n","protected":false},"excerpt":{"rendered":"<p>El servicio asegura que las auditor\u00edas y normativas legales se cumplen de manera autom\u00e1tica y sin complicaciones.&nbsp; Yvoluc se encarga de toda la gesti\u00f3n, desde la calibraci\u00f3n hasta la generaci\u00f3n de informes, liberando tiempo para otras prioridades.\u00a0<\/p>\n","protected":false},"author":1,"featured_media":0,"parent":0,"menu_order":0,"comment_status":"closed","ping_status":"closed","template":"","meta":{"footnotes":""},"class_list":["post-34","page","type-page","status-publish","hentry"],"_links":{"self":[{"href":"http:\/\/yvoluc.com.previewmysite.com\/index.php?rest_route=\/wp\/v2\/pages\/34","targetHints":{"allow":["GET"]}}],"collection":[{"href":"http:\/\/yvoluc.com.previewmysite.com\/index.php?rest_route=\/wp\/v2\/pages"}],"about":[{"href":"http:\/\/yvoluc.com.previewmysite.com\/index.php?rest_route=\/wp\/v2\/types\/page"}],"author":[{"embeddable":true,"href":"http:\/\/yvoluc.com.previewmysite.com\/index.php?rest_route=\/wp\/v2\/users\/1"}],"replies":[{"embeddable":true,"href":"http:\/\/yvoluc.com.previewmysite.com\/index.php?rest_route=%2Fwp%2Fv2%2Fcomments&post=34"}],"version-history":[{"count":1,"href":"http:\/\/yvoluc.com.previewmysite.com\/index.php?rest_route=\/wp\/v2\/pages\/34\/revisions"}],"predecessor-version":[{"id":69,"href":"http:\/\/yvoluc.com.previewmysite.com\/index.php?rest_route=\/wp\/v2\/pages\/34\/revisions\/69"}],"wp:attachment":[{"href":"http:\/\/yvoluc.com.previewmysite.com\/index.php?rest_route=%2Fwp%2Fv2%2Fmedia&parent=34"}],"curies":[{"name":"wp","href":"https:\/\/api.w.org\/{rel}","templated":true}]}}